{"id":32,"date":"2014-07-17T13:11:03","date_gmt":"2014-07-17T11:11:03","guid":{"rendered":"http:\/\/localhost\/wordpress\/?page_id=32"},"modified":"2024-01-23T15:30:11","modified_gmt":"2024-01-23T14:30:11","slug":"berufliche-stationen","status":"publish","type":"page","link":"https:\/\/www.polymorph.de\/?page_id=32","title":{"rendered":"Stationen"},"content":{"rendered":"<p>07\/2021 &#8211; 06\/2024<br \/>\nFestanstellung als Head of Marketing bei LCTech GmbH. Steuerung s\u00e4mtlicher Marketingma\u00dfnahmen wie: Relaunch der Webseite in Pimcore, Veranstaltungsplanung, Plakatgestaltung, erstellen von Newsletter, Social Media Pr\u00e4senz optimieren, Koordination von Fotoshootings, Einf\u00fchrung und Umsetzung des neuen Corporate Designs, Einf\u00fchrung diverser neuer Tools (COBRA News&amp;Mailservice, Trello, etc) und Schulung der Mitarbeiter, Steuerung der externen Agentur, Stellenanzeigengestaltung. Verpackungs- und Etikettenredesign, Erstellungvon PowerPoint Vorlagen und Produktpr\u00e4sentationen. F\u00fchrung und technische Einarbeitung des Marketing-Teams.<br \/>\n<a href=\"https:\/\/www.lctech.de\" target=\"_blank\" rel=\"noopener noreferrer\">www.lctech.de<\/a><\/p>\n<p>02\/2020 &#8211; 07\/2021<br \/>\nFestanstellung als Senior Designerin bei Saatchi &amp; Saatchi in M\u00fcnchen. \u00dcberwiegend t\u00e4tig f\u00fcr die Gestaltung und Adaption von Marketingma\u00dfnahmen f\u00fcr Print- und Nonprintproduktionen f\u00fcr Disney, Pixar und Marvel.<br \/>\n<a href=\"https:\/\/www.saatchi.de\" target=\"_blank\" rel=\"noopener noreferrer\">www.saatchi.de<\/a><\/p>\n<p>01\/2019 &#8211; 02\/2020<br \/>\nFestanstellung als Senior Layouterin bei Publicis Pixelpark in M\u00fcnchen. Layout, Reinzeichnung und Druckdatenerstellung f\u00fcr Disney, Pixar und Marvel.<br \/>\n<a href=\"https:\/\/www.publicispixelpark.de\" target=\"_blank\" rel=\"noopener noreferrer\">www.publicispixelpark.de<\/a><\/p>\n<p>01\/2015 bis 12\/2018<br \/>\nFestanstellung als Senior Grafikerin bei LEO\u2019S THJNK TANK\/Leo Burnett in M\u00fcnchen f\u00fcr McDonald\u2019s Deutschland.<br \/>\n<a href=\"http:\/\/www.leosthjnktank.de\/\" target=\"_blank\" rel=\"noopener noreferrer\">www.leosthjnktank.de<\/a><\/p>\n<p>2011- 2014<br \/>\nSeminarorganisation und Anmeldeverfahren f\u00fcr Weiterbildungsinstitut CreNatur Naturerlebnis-P\u00e4dagogik. Verwaltung und Koordination von Teilnehmerdaten und Seminarprogrammen.<br \/>\n<a title=\"Naturerlebnis-P\u00e4dagogik\" href=\"http:\/\/www.crenatur.de\" target=\"_blank\" rel=\"noopener noreferrer\">www.crenatur.de<\/a><\/p>\n<p>10\/2009 &#8211; heute<br \/>\nFreie Grafikerin bei TK-Grafikmedia<br \/>\n(Avnet, EBV Electronik, Silica etc.)<br \/>\n<a href=\"http:\/\/www.tk-grafikmedia.com\" target=\"_blank\" rel=\"noopener noreferrer\">www.tk-grafikmedia.com<\/a><\/p>\n<p>06\/2009 &#8211; 2012<br \/>\nFreie Grafikerin bei Kabel Deutschland Vertrieb und Service GmbH &amp; Co. KG<br \/>\n(Social Media, Mailings, Flyer und Plakate)<br \/>\n<a href=\"http:\/\/www.kabeldeutschland.de\" target=\"_blank\" rel=\"noopener noreferrer\">www.kabeldeutschland.de<\/a><\/p>\n<p>07\/2009 &#8211; 09\/2009<br \/>\nProduktionerin Off-Air Promotion, M\u00fcnchen<br \/>\nProSiebenSat.1 Produktion Creative Solutions<br \/>\n<a title=\"Pro7 Media AG\" href=\"http:\/\/www.prosiebensat1.de\" target=\"_blank\" rel=\"noopener noreferrer\">www.prosiebensat1.de<\/a><\/p>\n<p>02\/2008 &#8211; 04\/2008<br \/>\nFreie Grafikerin bei B\/S\/H\/ Bosch und Siemens Hausger\u00e4te<br \/>\n(Bedienoberfl\u00e4che TFT Display Backofen)<br \/>\n<a title=\"Bosch Siemens Hausger\u00e4te\" href=\"http:\/\/www.bsh-group.de\/\" target=\"_blank\" rel=\"noopener noreferrer\">www.bsh-group.de<\/a><\/p>\n<p>Freie Grafikerin bei Gloor Crossmedia, M\u00fcnchen<\/p>\n<p>04\/2007 &#8211; 04\/2007<br \/>\nFreie Grafikerin bei Hillert und Co. Werbeagentur<br \/>\n(Gesch\u00e4ftsbericht der M\u00fcnchner Hypothekenbank eG)<br \/>\n<a title=\"Hillert und Co Werbeagentur\" href=\"http:\/\/www.hillertundco.de\" target=\"_blank\" rel=\"noopener noreferrer\">www.hillertundco.de<\/a><\/p>\n<p>09\/2004 &#8211; 2013<br \/>\nFreie Grafikerin bei Jung von Matt AG\/7Seas global content management GmbH<br \/>\n(BMW, MINI, BMW Motorrad)<br \/>\n<a title=\"Publishing Agentur\" href=\"http:\/\/www.7-seas.de\" target=\"_blank\" rel=\"noopener noreferrer\">www.7-seas.de<\/a><\/p>\n<p>07\/2003 &#8211; 2012<br \/>\nFreie Grafikerin bei Oestreicher+Wagner Medientechnik GmbH<br \/>\n(MINI, BMW, Peek&amp;Cloppenburg etc.)<br \/>\n<a title=\"Medientechnik\" href=\"http:\/\/www.oew.de\" target=\"_blank\" rel=\"noopener noreferrer\">www.oew.de<\/a><\/p>\n<p>02\/2003 &#8211; heute<br \/>\nFreie Grafikerin und Inhaberin von Polymorph Design<br \/>\n<a title=\"Design f\u00fcr Print und Nonprint\" href=\"http:\/\/www.polymorph.de\" target=\"_blank\" rel=\"noopener noreferrer\">www.polymorph.de<\/a><\/p>\n<p>04\/2002 &#8211; 10\/2002<br \/>\nGrafikerin bei SPARKS Advertising, M\u00fcnchen<br \/>\n<a title=\"Werbagentur SPARKS\" href=\"http:\/\/www.sparks.de\" target=\"_blank\" rel=\"noopener noreferrer\">www.sparks.de<\/a><\/p>\n<p>2000 &#8211; 2002<br \/>\nAusbildung zur Mediengestalterin f\u00fcr Digital- und Printmedien, Schwerpunkt <strong>Nonprint<\/strong> bei xsnet GmbH\/Travel24.com in M\u00fcnchen (Newsletter, Webseite und alle Online- Aktivit\u00e4ten von Travel 24.com)<\/p>\n<p>1999 &#8211; 2000<br \/>\nAusbildung zur Mediengestalterin f\u00fcr Digital- und Printmedien, Schwerpunkt <strong>Print<\/strong> bei Perac GmbH in K\u00f6ln (z.B. Uncle Sam Sportswear, Waschb\u00e4r-Versand. Fotoassistenz, anspruchsvolle Farbretusche und Proofabstimmungen)<br \/>\n<a title=\"Werbagentur SPARKS\" href=\"http:\/\/www.micromediaarts.de\" target=\"_blank\" rel=\"noopener noreferrer\">www.perac.de<\/a><\/p>\n<p>01\/1999 &#8211; 02\/1999<br \/>\nPraktikum bei MicroMedia Arts in K\u00f6ln (z.B. Sprachadaption Handbuch f\u00fcr Age of Empires)<br \/>\n<a title=\"Werbagentur SPARKS\" href=\"http:\/\/www.micromediaarts.de\" target=\"_blank\" rel=\"noopener noreferrer\">www.micromediaarts.de<\/a><\/p>\n<p>12\/1998 &#8211; 01\/1999<br \/>\nPraktikum bei Communication Design Studios, Leverkusen Arts in K\u00f6ln (z.B. Bildretuschen, Scannen, Dummies bauen)<br \/>\n<a title=\"Werbagentur SPARKS\" href=\"https:\/\/cds.de\/de\/impressum\/\" target=\"_blank\" rel=\"noopener noreferrer\">www.cds.de<\/a><\/p>\n","protected":false},"excerpt":{"rendered":"<p>07\/2021 &#8211; 06\/2024 Festanstellung als Head of Marketing bei LCTech GmbH. Steuerung s\u00e4mtlicher Marketingma\u00dfnahmen wie: Relaunch der Webseite in Pimcore, Veranstaltungsplanung, Plakatgestaltung, erstellen von Newsletter, Social Media Pr\u00e4senz optimieren, Koordination von Fotoshootings, Einf\u00fchrung und Umsetzung des neuen Corporate Designs, Einf\u00fchrung diverser neuer Tools (COBRA News&amp;Mailservice, Trello, etc) und Schulung der Mitarbeiter, Steuerung der externen Agentur, [&hellip;]<\/p>\n","protected":false},"author":1,"featured_media":0,"parent":0,"menu_order":1,"comment_status":"closed","ping_status":"closed","template":"","meta":{"footnotes":""},"class_list":["post-32","page","type-page","status-publish","hentry"],"yoast_head":"<!-- This site is optimized with the Yoast SEO plugin v26.8 - https:\/\/yoast.com\/product\/yoast-seo-wordpress\/ -->\n<title>Stationen - Polymorph Design<\/title>\n<meta name=\"description\" content=\"Polymorph Design\" \/>\n<meta name=\"robots\" content=\"index, follow, max-snippet:-1, max-image-preview:large, max-video-preview:-1\" \/>\n<link rel=\"canonical\" href=\"http:\/\/www.polymorph.de\/?page_id=32\" \/>\n<meta property=\"og:locale\" content=\"de_DE\" \/>\n<meta property=\"og:type\" content=\"article\" \/>\n<meta property=\"og:title\" content=\"Stationen - Polymorph Design\" \/>\n<meta property=\"og:description\" content=\"Polymorph Design\" \/>\n<meta property=\"og:url\" content=\"http:\/\/www.polymorph.de\/?page_id=32\" \/>\n<meta property=\"og:site_name\" content=\"Polymorph Design\" \/>\n<meta property=\"article:modified_time\" content=\"2024-01-23T14:30:11+00:00\" \/>\n<meta name=\"twitter:card\" content=\"summary_large_image\" \/>\n<meta name=\"twitter:label1\" content=\"Gesch\u00e4tzte Lesezeit\" \/>\n\t<meta name=\"twitter:data1\" content=\"2\u00a0Minuten\" \/>\n<script type=\"application\/ld+json\" class=\"yoast-schema-graph\">{\"@context\":\"https:\/\/schema.org\",\"@graph\":[{\"@type\":[\"Article\",\"BlogPosting\"],\"@id\":\"http:\/\/www.polymorph.de\/?page_id=32#article\",\"isPartOf\":{\"@id\":\"http:\/\/www.polymorph.de\/?page_id=32\"},\"author\":{\"name\":\"PolymorphWordpress\",\"@id\":\"https:\/\/www.polymorph.de\/#\/schema\/person\/fb47306ba2bf3f9ff98e2c6051157c77\"},\"headline\":\"Stationen\",\"datePublished\":\"2014-07-17T11:11:03+00:00\",\"dateModified\":\"2024-01-23T14:30:11+00:00\",\"mainEntityOfPage\":{\"@id\":\"http:\/\/www.polymorph.de\/?page_id=32\"},\"wordCount\":440,\"publisher\":{\"@id\":\"https:\/\/www.polymorph.de\/#\/schema\/person\/65bd55054c7e016d82d1be56dc0c9be6\"},\"inLanguage\":\"de\"},{\"@type\":\"WebPage\",\"@id\":\"http:\/\/www.polymorph.de\/?page_id=32\",\"url\":\"http:\/\/www.polymorph.de\/?page_id=32\",\"name\":\"Stationen - Polymorph Design\",\"isPartOf\":{\"@id\":\"https:\/\/www.polymorph.de\/#website\"},\"datePublished\":\"2014-07-17T11:11:03+00:00\",\"dateModified\":\"2024-01-23T14:30:11+00:00\",\"description\":\"Polymorph Design\",\"breadcrumb\":{\"@id\":\"http:\/\/www.polymorph.de\/?page_id=32#breadcrumb\"},\"inLanguage\":\"de\",\"potentialAction\":[{\"@type\":\"ReadAction\",\"target\":[\"http:\/\/www.polymorph.de\/?page_id=32\"]}]},{\"@type\":\"BreadcrumbList\",\"@id\":\"http:\/\/www.polymorph.de\/?page_id=32#breadcrumb\",\"itemListElement\":[{\"@type\":\"ListItem\",\"position\":1,\"name\":\"Startseite\",\"item\":\"https:\/\/www.polymorph.de\/\"},{\"@type\":\"ListItem\",\"position\":2,\"name\":\"Stationen\"}]},{\"@type\":\"WebSite\",\"@id\":\"https:\/\/www.polymorph.de\/#website\",\"url\":\"https:\/\/www.polymorph.de\/\",\"name\":\"Polymorph Design - Veronika Ganster\",\"description\":\"Design f\u00fcr Print- und Nonprintprojekte\",\"publisher\":{\"@id\":\"https:\/\/www.polymorph.de\/#\/schema\/person\/65bd55054c7e016d82d1be56dc0c9be6\"},\"alternateName\":\"Grafikdesign und Marketing in und um M\u00fcnchen\",\"potentialAction\":[{\"@type\":\"SearchAction\",\"target\":{\"@type\":\"EntryPoint\",\"urlTemplate\":\"https:\/\/www.polymorph.de\/?s={search_term_string}\"},\"query-input\":{\"@type\":\"PropertyValueSpecification\",\"valueRequired\":true,\"valueName\":\"search_term_string\"}}],\"inLanguage\":\"de\"},{\"@type\":[\"Person\",\"Organization\"],\"@id\":\"https:\/\/www.polymorph.de\/#\/schema\/person\/65bd55054c7e016d82d1be56dc0c9be6\",\"name\":\"Veronika Ganster\",\"image\":{\"@type\":\"ImageObject\",\"inLanguage\":\"de\",\"@id\":\"https:\/\/www.polymorph.de\/#\/schema\/person\/image\/\",\"url\":\"http:\/\/www.polymorph.de\/wp-content\/uploads\/2014\/07\/cropped-polymorph-logo201111.png\",\"contentUrl\":\"http:\/\/www.polymorph.de\/wp-content\/uploads\/2014\/07\/cropped-polymorph-logo201111.png\",\"width\":250,\"height\":317,\"caption\":\"Veronika Ganster\"},\"logo\":{\"@id\":\"https:\/\/www.polymorph.de\/#\/schema\/person\/image\/\"},\"sameAs\":[\"http:\/\/polymorph.de\"]},{\"@type\":\"Person\",\"@id\":\"https:\/\/www.polymorph.de\/#\/schema\/person\/fb47306ba2bf3f9ff98e2c6051157c77\",\"name\":\"PolymorphWordpress\",\"sameAs\":[\"http:\/\/www.polymorph.de\",\"www.linkedin.com\/in\/veronika-ganster-a6a21031\"]}]}<\/script>\n<!-- \/ Yoast SEO plugin. -->","yoast_head_json":{"title":"Stationen - Polymorph Design","description":"Polymorph Design","robots":{"index":"index","follow":"follow","max-snippet":"max-snippet:-1","max-image-preview":"max-image-preview:large","max-video-preview":"max-video-preview:-1"},"canonical":"http:\/\/www.polymorph.de\/?page_id=32","og_locale":"de_DE","og_type":"article","og_title":"Stationen - Polymorph Design","og_description":"Polymorph Design","og_url":"http:\/\/www.polymorph.de\/?page_id=32","og_site_name":"Polymorph Design","article_modified_time":"2024-01-23T14:30:11+00:00","twitter_card":"summary_large_image","twitter_misc":{"Gesch\u00e4tzte Lesezeit":"2\u00a0Minuten"},"schema":{"@context":"https:\/\/schema.org","@graph":[{"@type":["Article","BlogPosting"],"@id":"http:\/\/www.polymorph.de\/?page_id=32#article","isPartOf":{"@id":"http:\/\/www.polymorph.de\/?page_id=32"},"author":{"name":"PolymorphWordpress","@id":"https:\/\/www.polymorph.de\/#\/schema\/person\/fb47306ba2bf3f9ff98e2c6051157c77"},"headline":"Stationen","datePublished":"2014-07-17T11:11:03+00:00","dateModified":"2024-01-23T14:30:11+00:00","mainEntityOfPage":{"@id":"http:\/\/www.polymorph.de\/?page_id=32"},"wordCount":440,"publisher":{"@id":"https:\/\/www.polymorph.de\/#\/schema\/person\/65bd55054c7e016d82d1be56dc0c9be6"},"inLanguage":"de"},{"@type":"WebPage","@id":"http:\/\/www.polymorph.de\/?page_id=32","url":"http:\/\/www.polymorph.de\/?page_id=32","name":"Stationen - Polymorph Design","isPartOf":{"@id":"https:\/\/www.polymorph.de\/#website"},"datePublished":"2014-07-17T11:11:03+00:00","dateModified":"2024-01-23T14:30:11+00:00","description":"Polymorph Design","breadcrumb":{"@id":"http:\/\/www.polymorph.de\/?page_id=32#breadcrumb"},"inLanguage":"de","potentialAction":[{"@type":"ReadAction","target":["http:\/\/www.polymorph.de\/?page_id=32"]}]},{"@type":"BreadcrumbList","@id":"http:\/\/www.polymorph.de\/?page_id=32#breadcrumb","itemListElement":[{"@type":"ListItem","position":1,"name":"Startseite","item":"https:\/\/www.polymorph.de\/"},{"@type":"ListItem","position":2,"name":"Stationen"}]},{"@type":"WebSite","@id":"https:\/\/www.polymorph.de\/#website","url":"https:\/\/www.polymorph.de\/","name":"Polymorph Design - Veronika Ganster","description":"Design f\u00fcr Print- und Nonprintprojekte","publisher":{"@id":"https:\/\/www.polymorph.de\/#\/schema\/person\/65bd55054c7e016d82d1be56dc0c9be6"},"alternateName":"Grafikdesign und Marketing in und um M\u00fcnchen","potentialAction":[{"@type":"SearchAction","target":{"@type":"EntryPoint","urlTemplate":"https:\/\/www.polymorph.de\/?s={search_term_string}"},"query-input":{"@type":"PropertyValueSpecification","valueRequired":true,"valueName":"search_term_string"}}],"inLanguage":"de"},{"@type":["Person","Organization"],"@id":"https:\/\/www.polymorph.de\/#\/schema\/person\/65bd55054c7e016d82d1be56dc0c9be6","name":"Veronika Ganster","image":{"@type":"ImageObject","inLanguage":"de","@id":"https:\/\/www.polymorph.de\/#\/schema\/person\/image\/","url":"http:\/\/www.polymorph.de\/wp-content\/uploads\/2014\/07\/cropped-polymorph-logo201111.png","contentUrl":"http:\/\/www.polymorph.de\/wp-content\/uploads\/2014\/07\/cropped-polymorph-logo201111.png","width":250,"height":317,"caption":"Veronika Ganster"},"logo":{"@id":"https:\/\/www.polymorph.de\/#\/schema\/person\/image\/"},"sameAs":["http:\/\/polymorph.de"]},{"@type":"Person","@id":"https:\/\/www.polymorph.de\/#\/schema\/person\/fb47306ba2bf3f9ff98e2c6051157c77","name":"PolymorphWordpress","sameAs":["http:\/\/www.polymorph.de","www.linkedin.com\/in\/veronika-ganster-a6a21031"]}]}},"_links":{"self":[{"href":"https:\/\/www.polymorph.de\/index.php?rest_route=\/wp\/v2\/pages\/32","targetHints":{"allow":["GET"]}}],"collection":[{"href":"https:\/\/www.polymorph.de\/index.php?rest_route=\/wp\/v2\/pages"}],"about":[{"href":"https:\/\/www.polymorph.de\/index.php?rest_route=\/wp\/v2\/types\/page"}],"author":[{"embeddable":true,"href":"https:\/\/www.polymorph.de\/index.php?rest_route=\/wp\/v2\/users\/1"}],"replies":[{"embeddable":true,"href":"https:\/\/www.polymorph.de\/index.php?rest_route=%2Fwp%2Fv2%2Fcomments&post=32"}],"version-history":[{"count":53,"href":"https:\/\/www.polymorph.de\/index.php?rest_route=\/wp\/v2\/pages\/32\/revisions"}],"predecessor-version":[{"id":596,"href":"https:\/\/www.polymorph.de\/index.php?rest_route=\/wp\/v2\/pages\/32\/revisions\/596"}],"wp:attachment":[{"href":"https:\/\/www.polymorph.de\/index.php?rest_route=%2Fwp%2Fv2%2Fmedia&parent=32"}],"curies":[{"name":"wp","href":"https:\/\/api.w.org\/{rel}","templated":true}]}}